{"id":17290,"date":"2024-04-13T12:09:59","date_gmt":"2024-04-13T10:09:59","guid":{"rendered":"https:\/\/skinbyzer.be\/?post_type=product&#038;p=17290"},"modified":"2024-06-01T14:06:22","modified_gmt":"2024-06-01T12:06:22","slug":"mesoprotech-mineral-fluid-50","status":"publish","type":"product","link":"https:\/\/skinbyzer.be\/fr\/produit\/mesoprotech-mineral-fluid-50\/","title":{"rendered":"Fluide min\u00e9ral Mesoprotech\u00ae 50+"},"content":{"rendered":"<p>Cr\u00e8me solaire avec protection SPF 50 et haute tol\u00e9rance pour les peaux sensibles, les peaux sensibilis\u00e9es et les peaux apr\u00e8s traitement avec des filtres exclusivement min\u00e9raux. La texture liquide color\u00e9e minimise les r\u00e9sidus blancs. La formule contient des pr\u00e9biotiques pour r\u00e9\u00e9quilibrer la peau et r\u00e9duire les signes de sensibilit\u00e9. Test\u00e9 dermatologiquement sur peau sensible. R\u00e9sistant \u00e0 l&#039;eau. Sans parfum.<\/p>\n<p><strong>Application <\/strong><\/p>\n<p>trois fois par jour, matin, midi et apr\u00e8s-midi.<\/p>\n<p>Appliquer en quantit\u00e9 suffisante (2 mg\/cm2 de peau) une demi-heure avant l&#039;exposition, sur une peau nettoy\u00e9e et s\u00e8che. R\u00e9duire la quantit\u00e9 de cr\u00e8me appliqu\u00e9e r\u00e9duit consid\u00e9rablement le niveau de protection solaire. En cas d&#039;exposition directe au soleil, r\u00e9appliquer toutes les 2 heures, notamment apr\u00e8s s\u00e9chage avec une serviette, apr\u00e8s le bain ou en cas de transpiration. Une nouvelle application est essentielle pour maintenir le niveau de protection et l\u2019efficacit\u00e9 du traitement. En cas d&#039;exposition directe au soleil, portez des lunettes et une casquette de protection et \u00e9vitez les heures centrales de la journ\u00e9e, plus intenses (11h-16h). Usage externe. Agiter avant utilisation<\/p>\n<p><strong>Ingr\u00e9dients<\/strong><\/p>\n<p>collag\u00e8ne pro-47, complexe mesoprotech\u00ae<\/p>","protected":false},"excerpt":{"rendered":"<p>Cr\u00e8me solaire faciale avec protection SPF 50 et haute tol\u00e9rance pour les peaux sensibles, les peaux sensibilis\u00e9es et les peaux post-traitement. La texture liquide color\u00e9e minimise les r\u00e9sidus blancs.<\/p>\n<p><em>Nouveau!<\/em> :<\/p>\n<p class=\"title\">Qu&#039;est-ce que c&#039;est <span style=\"color: #ff9900;\"><strong>PHOTON<\/strong><\/span> Technologie activ\u00e9e par les UV ?<\/p>\n<p>PHOTON est le <strong>technologie photosensible brevet\u00e9e<\/strong> qui active les syst\u00e8mes de protection et de r\u00e9paration pour prot\u00e9ger la peau contre le rayonnement solaire instantan\u00e9 et r\u00e9p\u00e9t\u00e9.<\/p>","protected":false},"featured_media":17292,"template":"","meta":[],"product_brand":[],"product_cat":[356,349,352,358,360,298,346,362],"product_tag":[],"class_list":{"0":"post-17290","1":"product","2":"type-product","3":"status-publish","4":"has-post-thumbnail","6":"product_cat-acne","7":"product_cat-anti-aging","8":"product_cat-bescherming","9":"product_cat-gecombineerde-huid","10":"product_cat-hyperpigmentatie","11":"product_cat-mesoestetic","12":"product_cat-spf","13":"product_cat-vette-huid","15":"first","16":"instock","17":"shipping-taxable","18":"purchasable","19":"product-type-simple"},"_links":{"self":[{"href":"https:\/\/skinbyzer.be\/fr\/wp-json\/wp\/v2\/product\/17290","targetHints":{"allow":["GET"]}}],"collection":[{"href":"https:\/\/skinbyzer.be\/fr\/wp-json\/wp\/v2\/product"}],"about":[{"href":"https:\/\/skinbyzer.be\/fr\/wp-json\/wp\/v2\/types\/product"}],"wp:featuredmedia":[{"embeddable":true,"href":"https:\/\/skinbyzer.be\/fr\/wp-json\/wp\/v2\/media\/17292"}],"wp:attachment":[{"href":"https:\/\/skinbyzer.be\/fr\/wp-json\/wp\/v2\/media?parent=17290"}],"wp:term":[{"taxonomy":"product_brand","embeddable":true,"href":"https:\/\/skinbyzer.be\/fr\/wp-json\/wp\/v2\/product_brand?post=17290"},{"taxonomy":"product_cat","embeddable":true,"href":"https:\/\/skinbyzer.be\/fr\/wp-json\/wp\/v2\/product_cat?post=17290"},{"taxonomy":"product_tag","embeddable":true,"href":"https:\/\/skinbyzer.be\/fr\/wp-json\/wp\/v2\/product_tag?post=17290"}],"curies":[{"name":"wp","href":"https:\/\/api.w.org\/{rel}","templated":true}]}}